{"id":2,"date":"2014-11-19T22:28:26","date_gmt":"2014-11-19T22:28:26","guid":{"rendered":"http:\/\/historic-challenge.info\/?page_id=2"},"modified":"2019-12-14T19:14:28","modified_gmt":"2019-12-14T18:14:28","slug":"sample-page","status":"publish","type":"page","link":"http:\/\/historic-challenge.de\/","title":{"rendered":"Die Rennserie"},"content":{"rendered":"<p>Wir sind umgezogen.<\/p>\n<p>Die aktuelle Seite der Historic Challenge findet Ihr jetzt hier:\u00a0<a href=\"https:\/\/historic-challenge.racing\">https:\/\/historic-challenge.racing<\/a><\/p>\n<p>In\u00a02009 wurde die <em>Historic Challenge<\/em> von Pit Schwaar ins Leben gerufen mit dem Ziel, eine \u00fcberregionale Rennserie zu schaffen, die die wundersch\u00f6nen historischen Renn- und Sportwagen der 50er und 60er zur\u00fcck auf die Bahn zu bringen.<\/p>\n<p>Die Rennserie widmet sich also den \u00a0Grand-Tourisme Fahrzeuge bis 1965 und offenen Sportwagen von 1950 &#8211; 1962. Ferrari 250 GTO, Cobra Daytona Coup\u00e9, Jaguar E Lightweight, Aston Martin DB 4 GT Zagato, Jaguar C- und D-Types, Ferrari Testarossa und Maserati Birdcage sind u.a. die klangvollen Namen der Rennwagen, die das Bild dieser Veranstaltungen pr\u00e4gen sollen. 2011 ist die Klasse der kleinen Mittelmotorwagen bis Baujahr 1965 dazu gekommen.<\/p>\n<p>Die\u00a0<em>Historic Challenge<\/em>\u00a0war und ist eine Veranstaltung, die das\u00a0freundschaftliche Beisammensein Gleichgesinnter und den Enthusiasmus f\u00fcr die besonders sch\u00f6nen klassischen Wagen\u00a0gepr\u00e4gt vor dem\u00a0knallharten Wettbewerb in den Vordergrund stellt. Um eine entspannte Atmosph\u00e4re zu gew\u00e4hrleisten und allen Teilnehmern die Heimreise zu moderaten Uhrzeiten zu erm\u00f6glichen, ist die Anzahl der\u00a0Teilnehmer auf 25 pro Veranstaltung\u00a0 begrenzt. Um eine vorherige Anmeldung unter\u00a0<a href=\"mailto:bob@historic-challenge.de\">bob@historic-challenge.de<\/a>, auch f\u00fcr das Freitagstraining, wird gebeten.<\/p>\n<p>Leider hat sich Pit im Herbst 2011 aus der\u00a0Organisation der Historic-Challenge zur\u00fcckgezogen. F\u00fcr 2012 und die Zukunft haben JJ, Jochen Alber und Johannes Breiding alias Bob Cramer die Organisation der Veranstaltung \u00fcbernommen. Ziel ist es, jedes Jahr 2 \u2013 4 Rennen in unserer sch\u00f6nen Republik durchzuf\u00fchren.<\/p>\n<p>Wir freuen uns auf Euren Besuch!<\/p>\n<p>The fabulous triple J\u00b4s<br \/>\nJ\u00fcrgen, Jochen, Johannes<\/p>\n","protected":false},"excerpt":{"rendered":"<p>Wir sind umgezogen. Die aktuelle Seite der Historic Challenge findet Ihr jetzt hier:\u00a0https:\/\/historic-challenge.racing In\u00a02009 wurde die Historic Challenge von Pit Schwaar ins Leben gerufen mit dem Ziel, eine \u00fcberregionale Rennserie <a class=\"more-link\" href=\"http:\/\/historic-challenge.de\/\">Continue Reading &rarr;<\/a><\/p>\n","protected":false},"author":1,"featured_media":0,"parent":0,"menu_order":1,"comment_status":"open","ping_status":"open","template":"","meta":{"footnotes":""},"class_list":["post-2","page","type-page","status-publish","hentry"],"_links":{"self":[{"href":"http:\/\/historic-challenge.de\/index.php?rest_route=\/wp\/v2\/pages\/2","targetHints":{"allow":["GET"]}}],"collection":[{"href":"http:\/\/historic-challenge.de\/index.php?rest_route=\/wp\/v2\/pages"}],"about":[{"href":"http:\/\/historic-challenge.de\/index.php?rest_route=\/wp\/v2\/types\/page"}],"author":[{"embeddable":true,"href":"http:\/\/historic-challenge.de\/index.php?rest_route=\/wp\/v2\/users\/1"}],"replies":[{"embeddable":true,"href":"http:\/\/historic-challenge.de\/index.php?rest_route=%2Fwp%2Fv2%2Fcomments&post=2"}],"version-history":[{"count":5,"href":"http:\/\/historic-challenge.de\/index.php?rest_route=\/wp\/v2\/pages\/2\/revisions"}],"predecessor-version":[{"id":1367,"href":"http:\/\/historic-challenge.de\/index.php?rest_route=\/wp\/v2\/pages\/2\/revisions\/1367"}],"wp:attachment":[{"href":"http:\/\/historic-challenge.de\/index.php?rest_route=%2Fwp%2Fv2%2Fmedia&parent=2"}],"curies":[{"name":"wp","href":"https:\/\/api.w.org\/{rel}","templated":true}]}}