{"id":48,"date":"2014-11-23T16:05:54","date_gmt":"2014-11-23T16:05:54","guid":{"rendered":"http:\/\/historic-challenge.info\/?page_id=48"},"modified":"2015-01-11T18:33:47","modified_gmt":"2015-01-11T17:33:47","slug":"links","status":"publish","type":"page","link":"http:\/\/historic-challenge.de\/?page_id=48","title":{"rendered":"Links"},"content":{"rendered":"<p>Umfangreiche Website mit sehr vielen Bildern der Rennen auf dem Virginia International Raceway \u2013 der Schwerpunkt liegt in lokalen Rennen der unterschiedlichen Klassen\u00a0 innerhalb der SCCA. Etwas un\u00fcbersichtlich aber absolut empfehlenswert.<br \/>\n<a href=\"http:\/\/www.virhistory.com\/\">http:\/\/www.virhistory.com\/<\/a><\/p>\n<p>Grenz\u00fcbergreifende Enzyklop\u00e4die aller namhaften Rennen weltweit. Sehr viel Bildmaterial, komplette Starterlisten und Listen der eingesetzten Fahrzeuge. Unverzichtbare Basis bei der Recherche f\u00fcr ein historisch korrektes Model.<br \/>\n<a href=\"http:\/\/www.racingsportscars.com\/photo.html\">http:\/\/www.racingsportscars.com\/photo.html<\/a><\/p>\n<p>Fotos ohne Ende, \u00fcberwiegend in Farbe der U.S. Rennszene der 50er bis Anfang der 70er Jahre. Un\u00fcbersichtlich aufgrund der vielen\u00a0 Unterverweise, daf\u00fcr entdeckt der geneigte Betrachter immer wieder Neues. Hochinteressant mit Hintergrundinformationen. Wird laufend aktualisiert und ausgebaut.<br \/>\n<a href=\"http:\/\/www.tamsoldracecarsite.net\/\">http:\/\/www.tamsoldracecarsite.net\/<\/a><\/p>\n<p>Ebenfalls gro\u00dfartige Seite f\u00fcr die Freunde der U.S. Rennszene der 50er bis 60er. Privatfahrer mit ihren Rennwagen in ausgefallenen Lackierungen bilden den Schwerpunkt. TOP!<br \/>\n<a href=\"http:\/\/www.barcboys.com\/SecondPage.htm\">http:\/\/www.barcboys.com\/SecondPage.htm<\/a><\/p>\n<p>Gesamt\u00fcbersicht aller Le Mans Rennen von Beginn an bis Heute \u2013 sehr viele Bilder \u2013 eine exzellente Referenz.<br \/>\n<a href=\"http:\/\/www.lemans-history.com\/equipas.php?ano=1950\">http:\/\/www.lemans-history.com\/equipas.php?ano=1950<\/a><\/p>\n<p>Das meiner Meinung nach weltweit f\u00fchrende Forum f\u00fcr historischen und aktuellen Motorsport. Unendliche viele Themen mit vielen Eintr\u00e4gen. Stellvertretend sei das \u201eTarga Florio\u201c Forum genannt. Herausragendes Bildmaterial, gerade auch von Privatleuten, die damals die Rennen live mitverfolgt haben. Allerdings im Focus der Bildrechteinhaber.<\/p>\n<p>\u2026..vieles wird von der Forenw\u00e4chtern umgehend gel\u00f6scht!<br \/>\n<a href=\"http:\/\/www.forum-auto.com\/sport-auto\/histoire-du-sport-auto\/debut.htm\">http:\/\/www.forum-auto.com\/sport-auto\/histoire-du-sport-auto\/debut.htm<\/a><\/p>\n","protected":false},"excerpt":{"rendered":"<p>Umfangreiche Website mit sehr vielen Bildern der Rennen auf dem Virginia International Raceway \u2013 der Schwerpunkt liegt in lokalen Rennen der unterschiedlichen Klassen\u00a0 innerhalb der SCCA. Etwas un\u00fcbersichtlich aber absolut <a class=\"more-link\" href=\"http:\/\/historic-challenge.de\/?page_id=48\">Continue Reading &rarr;<\/a><\/p>\n","protected":false},"author":1,"featured_media":0,"parent":0,"menu_order":7,"comment_status":"open","ping_status":"open","template":"","meta":{"footnotes":""},"class_list":["post-48","page","type-page","status-publish","hentry"],"_links":{"self":[{"href":"http:\/\/historic-challenge.de\/index.php?rest_route=\/wp\/v2\/pages\/48","targetHints":{"allow":["GET"]}}],"collection":[{"href":"http:\/\/historic-challenge.de\/index.php?rest_route=\/wp\/v2\/pages"}],"about":[{"href":"http:\/\/historic-challenge.de\/index.php?rest_route=\/wp\/v2\/types\/page"}],"author":[{"embeddable":true,"href":"http:\/\/historic-challenge.de\/index.php?rest_route=\/wp\/v2\/users\/1"}],"replies":[{"embeddable":true,"href":"http:\/\/historic-challenge.de\/index.php?rest_route=%2Fwp%2Fv2%2Fcomments&post=48"}],"version-history":[{"count":3,"href":"http:\/\/historic-challenge.de\/index.php?rest_route=\/wp\/v2\/pages\/48\/revisions"}],"predecessor-version":[{"id":328,"href":"http:\/\/historic-challenge.de\/index.php?rest_route=\/wp\/v2\/pages\/48\/revisions\/328"}],"wp:attachment":[{"href":"http:\/\/historic-challenge.de\/index.php?rest_route=%2Fwp%2Fv2%2Fmedia&parent=48"}],"curies":[{"name":"wp","href":"https:\/\/api.w.org\/{rel}","templated":true}]}}