{"id":50,"date":"2014-11-23T16:06:21","date_gmt":"2014-11-23T16:06:21","guid":{"rendered":"http:\/\/historic-challenge.info\/?page_id=50"},"modified":"2018-05-20T17:35:02","modified_gmt":"2018-05-20T15:35:02","slug":"impressum","status":"publish","type":"page","link":"http:\/\/historic-challenge.de\/?page_id=50","title":{"rendered":"Impressum"},"content":{"rendered":"<p>Die nachstehenden Informationen enthalten die gesetzlich vorgeschriebenen Pflichtangaben zur Anbieterkennzeichnung, sowie weitere rechtliche Hinweise zu dieser Internetpr\u00e4senz (http:\/\/www.historic-challenge.de).<\/p>\n<p>Anbieter und Redaktionsverantwortlicher:<br \/>\nJohannes Breiding<br \/>\nZei\u00dfstr. 59<br \/>\n22765 Hamburg<\/p>\n<p>Sie erreichen mich direkt und unmittelbar \u00fcber die E-Mail-Adresse bob@historic-challenge.de.<\/p>\n<p>Unsere Datenschutzerkl\u00e4rung finden Sie unter:\u00a0<a href=\"http:\/\/historic-challenge.de\/?page_id=1075\">http:\/\/historic-challenge.de\/?page_id=1075<\/a><\/p>\n<p>Rechtliche Hinweise zur Haftung \/ Disclaimer<br \/>\nDiese privaten Internetseiten haben keinen kommerziellen Hintergrund im Sinne eines &#8222;gesch\u00e4ftsm\u00e4\u00dfigen Teledienstes&#8220; nach dem TDG und unterliegen daher nicht der dort in \u00a7 6 geforderten Impressumspflicht mit Pflicht zur Nennung von genauer Anschrift und Angaben zur Steuerpflichtigkeit. Wer mich kontaktieren m\u00f6chte, kann mich \u00fcber die o.a. E-Mailadresse erreichen.<\/p>\n<p>Ich distanziere mich ausdr\u00fccklich von den Inhalten aller gelinkten Seiten auf dieser Homepage und mache mir deren Inhalte nicht zu eigen. Diese Erkl\u00e4rung gilt f\u00fcr alle auf dieser Homepage angebrachten Links. Ich bin um Richtigkeit und Aktualit\u00e4t der auf dieser Internetpr\u00e4senz bereitgestellten Informationen bem\u00fcht. Trotzdem k\u00f6nnen Fehler und Unklarheiten nicht vollst\u00e4ndig ausgeschlossen werden. Ich \u00fcbernehme deshalb keine Gew\u00e4hr f\u00fcr die Aktualit\u00e4t, Richtigkeit, Vollst\u00e4ndigkeit oder Qualit\u00e4t der bereitgestellten Informationen. F\u00fcr Sch\u00e4den materieller oder immaterieller Art, die durch die Nutzung oder Nichtnutzung der dargebotenen Informationen bzw. durch die Nutzung fehlerhafter und unvollst\u00e4ndiger Informationen unmittelbar oder mittelbar verursacht werden, hafte ich nicht. Gleiches gilt f\u00fcr kostenlos zum Download bereitgehaltene Software. Ich behalte es mir vor, Teile des Internetangebots oder das gesamte Angebot ohne gesonderte Ank\u00fcndigung zu ver\u00e4ndern, zu erg\u00e4nzen, zu l\u00f6schen oder die Ver\u00f6ffentlichung zeitweise oder endg\u00fcltig einzustellen. Die Verantwortlichkeit f\u00fcr &#8222;fremde Inhalte&#8220;, die beispielsweise durch direkte oder indirekte Verkn\u00fcpfungen (z.B. sogenannte &#8222;Links&#8220;) zu anderen Anbietern bereitgehalten werden, setzt unter anderem positive Kenntnis des rechtswidrigen bzw. strafbaren Inhaltes voraus. &#8222;Fremde Inhalte&#8220; sind in geeigneter Weise gekennzeichnet. Ich habe auf &#8222;fremde Inhalte&#8220; keinerlei Einfluss und mache mir diese Inhalte auch nicht zu Eigen. Ich habe keine positive Kenntnis \u00fcber rechtswidrige oder anst\u00f6\u00dfige Inhalte auf den verkn\u00fcpften Seiten fremder Anbieter. Sollten auf den verkn\u00fcpften Seiten fremder Anbieter dennoch solche Inhalte enthalten sein, so distanziere ich mich von diesen Inhalten ausdr\u00fccklich.<\/p>\n<p>Rechtliche Hinweise zum Urheberrecht: Das Layout der Homepage, verwendete Fotos und Grafiken sowie die sonstigen Inhalte sind urheberrechtlich gesch\u00fctzt. \u00a9 Johannes Breiding. Alle Rechte vorbehalten.<\/p>\n<p>Schlussbestimmung: Sollten einzelne Passagen dieses Impressums ung\u00fcltig sein, so treten an deren Stelle die gesetzlich vorgeschriebenen Bestimmungen.<\/p>\n","protected":false},"excerpt":{"rendered":"<p>Die nachstehenden Informationen enthalten die gesetzlich vorgeschriebenen Pflichtangaben zur Anbieterkennzeichnung, sowie weitere rechtliche Hinweise zu dieser Internetpr\u00e4senz (http:\/\/www.historic-challenge.de). Anbieter und Redaktionsverantwortlicher: Johannes Breiding Zei\u00dfstr. 59 22765 Hamburg Sie erreichen mich <a class=\"more-link\" href=\"http:\/\/historic-challenge.de\/?page_id=50\">Continue Reading &rarr;<\/a><\/p>\n","protected":false},"author":1,"featured_media":0,"parent":0,"menu_order":9,"comment_status":"closed","ping_status":"closed","template":"","meta":{"footnotes":""},"class_list":["post-50","page","type-page","status-publish","hentry"],"_links":{"self":[{"href":"http:\/\/historic-challenge.de\/index.php?rest_route=\/wp\/v2\/pages\/50","targetHints":{"allow":["GET"]}}],"collection":[{"href":"http:\/\/historic-challenge.de\/index.php?rest_route=\/wp\/v2\/pages"}],"about":[{"href":"http:\/\/historic-challenge.de\/index.php?rest_route=\/wp\/v2\/types\/page"}],"author":[{"embeddable":true,"href":"http:\/\/historic-challenge.de\/index.php?rest_route=\/wp\/v2\/users\/1"}],"replies":[{"embeddable":true,"href":"http:\/\/historic-challenge.de\/index.php?rest_route=%2Fwp%2Fv2%2Fcomments&post=50"}],"version-history":[{"count":3,"href":"http:\/\/historic-challenge.de\/index.php?rest_route=\/wp\/v2\/pages\/50\/revisions"}],"predecessor-version":[{"id":1080,"href":"http:\/\/historic-challenge.de\/index.php?rest_route=\/wp\/v2\/pages\/50\/revisions\/1080"}],"wp:attachment":[{"href":"http:\/\/historic-challenge.de\/index.php?rest_route=%2Fwp%2Fv2%2Fmedia&parent=50"}],"curies":[{"name":"wp","href":"https:\/\/api.w.org\/{rel}","templated":true}]}}